{"id":8031,"date":"2022-02-11T23:25:53","date_gmt":"2022-02-11T23:25:53","guid":{"rendered":"https:\/\/www.ab-fotografie.net\/wp1\/?page_id=8031"},"modified":"2023-01-04T20:39:19","modified_gmt":"2023-01-04T20:39:19","slug":"client-closet","status":"publish","type":"page","link":"https:\/\/www.ab-fotografie.net\/wp1\/9-months\/client-closet\/","title":{"rendered":"Client Closet"},"content":{"rendered":"<p>[vc_row full_width=&#8220;stretch_row&#8220; css=&#8220;.vc_custom_1525347828777{background-color: #fcf9f6 !important;}&#8220;][vc_column desctop_mt=&#8220;margin-lg-65t&#8220; desctop_mb=&#8220;margin-lg-50b&#8220; tablets_mt=&#8220;margin-sm-45t&#8220; tablets_mb=&#8220;margin-sm-30b&#8220; mobile_mt=&#8220;margin-xs-15t&#8220; mobile_mb=&#8220;margin-xs-10b&#8220;][wiso_headings style=&#8220;classic_text&#8220; title=&#8220;Client Closet&#8220; subtitle=&#8220;Maternity Dresses&#8220; image=&#8220;3239&#8243;][\/vc_column][\/vc_row][vc_row][vc_column][vc_empty_space][vc_column_text]<\/p>\n<p>Damit Deine Fotosession etwas ganz besonders wird, habe ich viele verschiedene Kleider, Bodies, T\u00fccher, Accessoires in meinem &#8222;Client Closet&#8220;, die Du f\u00fcr Deine Fotosession ausleihen kannst.<br \/>Das Beste daran &#8211; die Kleider sind nicht nur f\u00fcr die Schwangerschaftsfotografie gedacht &#8211; auch ohne Babybauch sehen sie ganz toll aus!<\/p>\n<p>\u00a0<\/p>\n<p>[\/vc_column_text][vc_empty_space][\/vc_column][\/vc_row][vc_row][vc_column][vc_masonry_media_grid grid_id=&#8220;vc_gid:1672864078856-cda68f3982902d258fa0e9a522004686-7&#8243; include=&#8220;8122,8123,8119,8120,8121,8126,8125,8124,8045,8044,8048,8047,8049,8057,8056,8052,8053,8054,8055,8058,8059,8034,8051,8050,8061,8060,8097,8036,8099,8098,8096,8100,8101,8091,8092,8093,8094,8095,8102,8070,8069,8068,8067,8088,8104,8103,8081,8105,8106,8107,8040,8118,8117,8115,8114,8116,8082,8084,8083,8085,8086,8087,8037,8066,8075,8077,8076,8038,8039,8090,8089,8035,8078,8079,8080,8064,8062,8065,8063,8074,8071,8073,8072,8128,8109,8108,8111,8110,8127,8113,8112,8042,8041,8043,8046&#8243;][\/vc_column][\/vc_row]<\/p>\n","protected":false},"excerpt":{"rendered":"<p>[vc_row full_width=&#8220;stretch_row&#8220; css=&#8220;.vc_custom_1525347828777{background-color: #fcf9f6 !important;}&#8220;][vc_column desctop_mt=&#8220;margin-lg-65t&#8220; desctop_mb=&#8220;margin-lg-50b&#8220; tablets_mt=&#8220;margin-sm-45t&#8220; tablets_mb=&#8220;margin-sm-30b&#8220; mobile_mt=&#8220;margin-xs-15t&#8220; mobile_mb=&#8220;margin-xs-10b&#8220;][wiso_headings style=&#8220;classic_text&#8220; title=&#8220;Client Closet&#8220; subtitle=&#8220;Maternity Dresses&#8220; image=&#8220;3239&#8243;][\/vc_column][\/vc_row][vc_row][vc_column][vc_empty_space][vc_column_text] Damit Deine Fotosession etwas ganz besonders wird, habe ich viele verschiedene Kleider, Bodies, T\u00fccher, Accessoires in meinem &#8222;Client Closet&#8220;, die Du f\u00fcr Deine Fotosession ausleihen kannst.Das Beste daran &#8211; die Kleider sind nicht nur f\u00fcr die Schwangerschaftsfotografie gedacht &#8230;<\/p>\n","protected":false},"author":1,"featured_media":0,"parent":64,"menu_order":2,"comment_status":"closed","ping_status":"closed","template":"","meta":{"footnotes":""},"featured_image_src":null,"featured_image_src_square":null,"_links":{"self":[{"href":"https:\/\/www.ab-fotografie.net\/wp1\/wp-json\/wp\/v2\/pages\/8031"}],"collection":[{"href":"https:\/\/www.ab-fotografie.net\/wp1\/wp-json\/wp\/v2\/pages"}],"about":[{"href":"https:\/\/www.ab-fotografie.net\/wp1\/wp-json\/wp\/v2\/types\/page"}],"author":[{"embeddable":true,"href":"https:\/\/www.ab-fotografie.net\/wp1\/wp-json\/wp\/v2\/users\/1"}],"replies":[{"embeddable":true,"href":"https:\/\/www.ab-fotografie.net\/wp1\/wp-json\/wp\/v2\/comments?post=8031"}],"version-history":[{"count":7,"href":"https:\/\/www.ab-fotografie.net\/wp1\/wp-json\/wp\/v2\/pages\/8031\/revisions"}],"predecessor-version":[{"id":8278,"href":"https:\/\/www.ab-fotografie.net\/wp1\/wp-json\/wp\/v2\/pages\/8031\/revisions\/8278"}],"up":[{"embeddable":true,"href":"https:\/\/www.ab-fotografie.net\/wp1\/wp-json\/wp\/v2\/pages\/64"}],"wp:attachment":[{"href":"https:\/\/www.ab-fotografie.net\/wp1\/wp-json\/wp\/v2\/media?parent=8031"}],"curies":[{"name":"wp","href":"https:\/\/api.w.org\/{rel}","templated":true}]}}