{"id":7752,"date":"2021-07-25T22:30:52","date_gmt":"2021-07-25T22:30:52","guid":{"rendered":"https:\/\/www.ab-fotografie.net\/wp1\/?page_id=7752"},"modified":"2025-10-20T08:56:43","modified_gmt":"2025-10-20T08:56:43","slug":"agbs","status":"publish","type":"page","link":"https:\/\/www.ab-fotografie.net\/wp1\/kontakt\/agbs\/","title":{"rendered":"AGBs"},"content":{"rendered":"<p>[vc_row full_width=&#8220;stretch_row_content_no_spaces&#8220;][vc_column][wiso_banner style_banner=&#8220;simple&#8220; style=&#8220;center_content&#8220; overlay=&#8220;yes&#8220; title=&#8220;AGBs&#8220; image=&#8220;1879&#8243;][\/vc_column][\/vc_row][vc_row][vc_column][vc_empty_space][\/vc_column][\/vc_row][vc_row][vc_column][wiso_headings style=&#8220;text_center&#8220; title=&#8220;AGB&#8217;s&#8220; subtitle=&#8220;Allgemeine Gesch\u00e4ftsbedingungen&#8220;][\/vc_column][\/vc_row][vc_row][vc_column][vc_empty_space][\/vc_column][\/vc_row][vc_row][vc_column][vc_column_text]<\/p>\n<h4>1. Allgemeines<\/h4>\n<p>Diese Allgemeinen Gesch\u00e4ftsbedingungen (AGB) gelten f\u00fcr alle Auftr\u00e4ge, Angebote und Dienstleistungen von Annina Bannwart Fotografie \/ AB Fotografie (nachfolgend Fotografin genannt), sofern nichts anderes schriftlich vereinbart wurde. Mit der Buchung gelten die AGB als gelesen und akzeptiert.<\/p>\n<p>&nbsp;<\/p>\n<h4>2. Bildrechte<\/h4>\n<p>Das Urheberrecht aller fotografischen Arbeiten liegt ausschliesslich bei der Fotografin und kann nicht \u00fcbertragen werden.<\/p>\n<p>Der Kunde erh\u00e4lt die privaten Nutzungsrechte nach vollst\u00e4ndiger Bezahlung und Abgabe der Bilddateien.<\/p>\n<p>Die erhaltenen Bilder d\u00fcrfen\u00a0ohne Zustimmung der Fotografin weder ver\u00e4ndern noch bearbeitet werden. Auch die \u00c4nderung\/Bearbeitung durch Dritte ist ausgeschlossen.<\/p>\n<p>Die kommerzielle (gewerbliche) Nutzung der Bilder ist ausgeschlossen &amp; bedarf einer separaten Vereinbarung mit der Fotografin. Auch eine Weitergabe der Bilder an Dritte zur kommerziellen Nutzung ist nicht erlaubt.<\/p>\n<p>Die Nutzung der Bilder zur Eigenwerbung (eigene Website) oder auf sozialen Medien ist grunds\u00e4tzlich erlaubt, jedoch mit Urhebernennung (zB durch Verlinkung auf www.ab-fotografie.net oder durch Namensnennung AB Fotografie).<\/p>\n<p>&nbsp;<\/p>\n<h4>3. Verg\u00fctung<\/h4>\n<p>Die Angebote der Fotografin sind \u00f6ffentlich auf www.ab-fotografie.ch&#8230;.. ersichtlich. Preis\u00e4nderungen mit sofortiger Wirkung bleiben ausdr\u00fccklich vorbehalten.<\/p>\n<p>Die Bezahlung erfolgt vor Ort entweder in Bar oder per Twint. Alternativ ist auch die Bezahlung per Rechnung m\u00f6glich. Bis zur vollst\u00e4ndigen Bezahlung bleiben die Fotografien (und ggf. bestellte Fotoprodukte) Eigentum der Fotografin.<\/p>\n<p>Falls die Fotosession an einem anderen Ort als 8919 Rottenschwil (plus 5km Umgebung) stattfindet, wird die Anfahrt zus\u00e4tzlich verrechnet (CHF 1.50 \/ KM).<\/p>\n<p>&nbsp;<\/p>\n<h4>4. Leistungen<\/h4>\n<p>Die Fotografin bietet verschiedene Fotosessions (Fotoshootings) rund um die Familie an (siehe \u201eAngebot\u201c).<\/p>\n<p>Individuelle Kundenw\u00fcnsche k\u00f6nnen vorg\u00e4ngig gerne mit der Fotografin besprochen werden.<\/p>\n<p>Die Bildgestaltung (Lichtf\u00fchrung, Requisiten, Posing etc.) sowie die Bildbearbeitung liegen im k\u00fcnstlerischen Ermessen der Fotografin.<\/p>\n<p>Die Fotografin h\u00e4ndigt ausnahmslos keine unbearbeiteten Bilder oder Rohdateien (Raw) aus.<\/p>\n<p>Die Fotografin \u00fcbernimmt keine Garantie f\u00fcr die Kooperation der zu fotografierenden Kinder\/Personen. In jedem Falle bem\u00fcht sich die Fotografin jedoch mit viel Erfahrung und Geduld, die Kinder zu motivieren.<span class=\"Apple-converted-space\">\u00a0<\/span><\/p>\n<p>&nbsp;<\/p>\n<h4>5. Nach der Fotosession<\/h4>\n<p><strong>5.1. Bildauswahl<\/strong><\/p>\n<p>Die Bildauswahl erfolgt \u00fcber eine passwortgesch\u00fctzte Onlinegalerie (Pixieset).<span class=\"Apple-converted-space\">\u00a0<\/span><\/p>\n<p>Nach der Fotosession (idR innert 7 Tagen) erh\u00e4lt der Auftraggeber den pers\u00f6nlichen Zugang zu seiner Auswahlgalerie. Die hochgeladenen Binder sind unbearbeitet, mit Wasserzeichen versehen &amp; in kleiner Aufl\u00f6sung.<\/p>\n<p>Die unbearbeiteten Bilder d\u00fcrfen nicht gespeichert (Screenshot) oder kopiert werden.<\/p>\n<p>Nachdem die Bildauswahl durch den Auftraggeber erfolgt ist, werden die ausgesuchten Bilder durch die Fotografin bearbeitet. Die Bildbearbeitung dauert in der Regel 2 Wochen.<\/p>\n<p><strong>5.2 Bildbearbeitung<\/strong><span class=\"Apple-converted-space\"><strong>\u00a0<\/strong><br \/>\n<\/span><\/p>\n<p>Die Bildbearbeitung liegt im k\u00fcnstlerischem Ermessen der Fotografin. Grunds\u00e4tzlich beinhaltet die Bildbearbeitung folgendes: Anpassung &amp; Optimierung des Bildschnitts, Helligkeit, Kontrast &amp; Farbe; Entfernung st\u00f6render Bildelemente; nat\u00fcrliche Retusche wie Entfernung &amp; Verfeinerung kleiner Pickelchen, R\u00f6tungen (eine Verfremdung \/ Ver\u00e4nderung der abgebildeten Person(en) entsprechen nicht den Vorstellungen der Fotografin).<\/p>\n<p><strong>5.3 Auslieferung der Bilder<br \/>\n<\/strong><\/p>\n<p>Sobald alle ausgew\u00e4hlten Bilder fertig bearbeitet sind, werden die Bilder in gr\u00f6sstm\u00f6glicher Aufl\u00f6sung als JPG-Datei in der Online-Galerie hochgeladen und zum Download freigeschalten.<\/p>\n<p>Die Online-Galerie ist 14 Tage online &#8211; w\u00e4hrend dieser Zeit m\u00fcssen die Bilder durch den Auftraggeber bei sich selber gespeichert (heruntergeladen) werden. Danach wird die Onlinegalerie kommentarlos gel\u00f6scht.<\/p>\n<p>Fotoabz\u00fcge werden gesammelt ca monatlich im Fachlabor bestellt &amp; nach Erhalt schnellstm\u00f6glich zusammen mit dem USB-Stick an den Auftraggeber per Post gesendet.<\/p>\n<p>&nbsp;<\/p>\n<h4><b>6. Event-Fotografie \/ Hochzeitsfotografie<\/b><\/h4>\n<p><strong>6.1 Offerten<\/strong><\/p>\n<p>Von der Fotografin erstellte Offerten sind 30 Tage lang g\u00fcltig.<\/p>\n<p><strong>6.2 Verpflegung \/ Pausen<br \/>\n<\/strong><\/p>\n<p>Bei Buchungen ab 4 Stunden ist die Fotografin mit Speisen und Getr\u00e4nken zu versorgen sowie angemessene Pausen zu gew\u00e4hren.<\/p>\n<p><strong>6.3 Bildanzahl<br \/>\n<\/strong><\/p>\n<p>Die Fotografin garantiert keine Mindestanzahl an Bildern, da die Anzahl der Fotos stark von der Art, der Anzahl G\u00e4ste und dem Geschehen der Veranstaltung abh\u00e4ngig ist. Die Fotografin bem\u00fcht sich, m\u00f6glichst jeden Gast zu fotografieren, kann jedoch keine Garantie geben, dass wirklich alle G\u00e4ste fotografiert werden konnten.<\/p>\n<p><strong>6.4 Auslieferung der Bilder<br \/>\n<\/strong><\/p>\n<p>Die Reportage-Bilder der Hochzeit werden von der Fotografin nach der Veranstaltung sorgf\u00e4ltig gesichtet, sortiert, ausgew\u00e4hlt und bearbeitet. Sobald alle Bilder fertig bearbeitet sind, werden die Bilder in gr\u00f6sstm\u00f6glicher Aufl\u00f6sung als JPG-Datei in der Online-Galerie hochgeladen und zum Download freigeschalten. Die Bearbeitung der Bilder wird immer schnellstm\u00f6glich vorgenommen, dauert in der Regel (vor allem aber w\u00e4hrend der Hochsaison) ca. 6-8 Wochen. Um die Wartezeit auf die Bilder etwas zu vers\u00fcssen erstellt die Fotografin eine Highlight-Galerie innerhalb der ersten Woche nach der Hochzeit.<\/p>\n<p>Die Online-Galerie ist mind. 6 Monate online &#8211; w\u00e4hrend dieser Zeit m\u00fcssen die Bilder durch den Auftraggeber bei sich selber gespeichert (heruntergeladen) werden. Danach wird die Onlinegalerie kommentarlos gel\u00f6scht.<\/p>\n<p>USB-Stick, Abz\u00fcge und Erinnerungsbox werden ca. 1-2 Wochen nach der Fertigstellung der Onlinegalerie per Post geschickt.<\/p>\n<h4>7. Gutscheine<\/h4>\n<p>Ausgestellte (Wert)Gutscheine sind ab Ausstellungsdatum 1 Jahr g\u00fcltig.<\/p>\n<p>Nach dem Ablaufdatum k\u00f6nnen Gutscheine zwar noch eingel\u00f6st werden, eine allf\u00e4llige Preisdifferenz muss jedoch vom Kunden \u00fcbernommen werden.<\/p>\n<p>Die Fotografin ist nicht verpflichtet, gewonnene Gutscheine aus einer Verlosung\/Wettbewerb nach Ablauf einzul\u00f6sen.<\/p>\n<p>Gutscheine sind nicht \u00fcbertragbar\/kumulierbar und werden nicht ausbezahlt.<\/p>\n<p>Am Tag der Fotosession m\u00fcssen Gutscheine vorliegen, damit sie eingel\u00f6st werden k\u00f6nnen.<\/p>\n<p>&nbsp;<\/p>\n<h4>7. Annulation \/ Nicht Erscheinen \/ Terminverschiebungen<\/h4>\n<p>Gebuchte Fotoshootings k\u00f6nnen bis 48 Stunden vor dem Termin kostenfrei storniert werden. Weniger als 48 Stunden vor dem Termin sind 50% des gebuchten Fotoshooting zur Zahlung f\u00e4llig. Bei keiner Abmeldung \/ Nichterscheinen sind 100% des gebuchten Shooting zur Zahlung f\u00e4llig.<\/p>\n<p>Abmeldungen haben telefonisch oder schriftlich (E-Mail) zu erfolgen.<\/p>\n<p>Versp\u00e4tungen von mehr als 30 Min ohne eine telefonische oder schriftliche Meldung gelten als Nichterscheinen und werden zu 100% in Rechnung gestellt. Die Fotografin kann individuell entscheiden, ob das Fotoshooting noch durchgef\u00fchrt werden kann (ggf. verk\u00fcrzt) und ist nicht verpflichtet, die verpasste Zeit nachzuholen. Eine Preissenkung aufgrund der Versp\u00e4tung des Kunden ist nicht m\u00f6glich.<\/p>\n<p>Kann durch den Kunden oder der Kundin eine Ersatzperson f\u00fcr den Termin gestellt werden, er\u00fcbrigt sich eine Verrechnung. Das Honorar ist in diesem Falle von der Ersatzperson zu begleichen.<\/p>\n<p>Die Fotografin beh\u00e4lt sich das Recht, bei spontanen oder kurzfristigen privaten Ereignissen wie zB Unfall, Krankheit sowie Notfall oder\u00a0Todesf\u00e4lle das vereinbarte Shooting zu verschieben und an einem anderen Zeitpunkt so bald\u00a0wie m\u00f6glich\u00a0nachzuholen.<\/p>\n<p>&nbsp;<\/p>\n<h4>8. Datenschutz<\/h4>\n<p>Der Auftraggeber erkl\u00e4rt sich einverstanden, dass seine zum Gesch\u00e4ftsverkehr erforderlichen, personenbezogenen Daten gespeichert werden. Die Fotografin verpflichtet sich, alle ihr im Rahmen des Auftrags bekannt gewordenen Informationen vertraulich zu behandeln. Daten werden nicht an Dritte weitergegeben, ausser dies ist zur Durchf\u00fchrung des Auftrages erforderlich, oder so abgesprochen.<\/p>\n<p>&nbsp;<\/p>\n<h4>9. Abschliessendes<\/h4>\n<p>Die mit der Fotografin abgeschlossenen Vertr\u00e4ge unterliegen dem Schweizerischen Recht. Alle \u00c4nderungen und Erg\u00e4nzungen die diese AGB betreffen, bed\u00fcrfen der schriftlichen Form.<\/p>\n<p>Die Fotografin beh\u00e4lt sich das Recht vor, die AGB jederzeit abzu\u00e4ndern oder zu erg\u00e4nzen. Gerichtsstand ist der Gesch\u00e4ftssitz der Fotografin.<\/p>\n<p>Sollte eine Bestimmung dieser AGB unwirksam sein oder werden, oder die Bestimmungen eine L\u00fccke enthalten, so bleibt die Rechtswirksamkeit der \u00fcbrigen Bestimmungen hiervon unber\u00fchrt.<\/p>\n<p>&nbsp;<\/p>\n<p>&nbsp;<\/p>\n<p><em><strong>Diese AGB sind g\u00fcltig ab dem 01. Januar 2020.<\/strong><\/em>[\/vc_column_text][\/vc_column][\/vc_row]<\/p>\n","protected":false},"excerpt":{"rendered":"<p>[vc_row full_width=&#8220;stretch_row_content_no_spaces&#8220;][vc_column][wiso_banner style_banner=&#8220;simple&#8220; style=&#8220;center_content&#8220; overlay=&#8220;yes&#8220; title=&#8220;AGBs&#8220; image=&#8220;1879&#8243;][\/vc_column][\/vc_row][vc_row][vc_column][vc_empty_space][\/vc_column][\/vc_row][vc_row][vc_column][wiso_headings style=&#8220;text_center&#8220; title=&#8220;AGB&#8217;s&#8220; subtitle=&#8220;Allgemeine Gesch\u00e4ftsbedingungen&#8220;][\/vc_column][\/vc_row][vc_row][vc_column][vc_empty_space][\/vc_column][\/vc_row][vc_row][vc_column][vc_column_text] 1. Allgemeines Diese Allgemeinen Gesch\u00e4ftsbedingungen (AGB) gelten f\u00fcr alle Auftr\u00e4ge, Angebote und Dienstleistungen von Annina Bannwart Fotografie \/ AB Fotografie (nachfolgend Fotografin genannt), sofern nichts anderes schriftlich vereinbart wurde. Mit der Buchung gelten die AGB als gelesen und akzeptiert. &nbsp; 2. Bildrechte Das Urheberrecht &#8230;<\/p>\n","protected":false},"author":1,"featured_media":0,"parent":1366,"menu_order":-2,"comment_status":"closed","ping_status":"closed","template":"","meta":{"footnotes":""},"featured_image_src":null,"featured_image_src_square":null,"_links":{"self":[{"href":"https:\/\/www.ab-fotografie.net\/wp1\/wp-json\/wp\/v2\/pages\/7752"}],"collection":[{"href":"https:\/\/www.ab-fotografie.net\/wp1\/wp-json\/wp\/v2\/pages"}],"about":[{"href":"https:\/\/www.ab-fotografie.net\/wp1\/wp-json\/wp\/v2\/types\/page"}],"author":[{"embeddable":true,"href":"https:\/\/www.ab-fotografie.net\/wp1\/wp-json\/wp\/v2\/users\/1"}],"replies":[{"embeddable":true,"href":"https:\/\/www.ab-fotografie.net\/wp1\/wp-json\/wp\/v2\/comments?post=7752"}],"version-history":[{"count":8,"href":"https:\/\/www.ab-fotografie.net\/wp1\/wp-json\/wp\/v2\/pages\/7752\/revisions"}],"predecessor-version":[{"id":10085,"href":"https:\/\/www.ab-fotografie.net\/wp1\/wp-json\/wp\/v2\/pages\/7752\/revisions\/10085"}],"up":[{"embeddable":true,"href":"https:\/\/www.ab-fotografie.net\/wp1\/wp-json\/wp\/v2\/pages\/1366"}],"wp:attachment":[{"href":"https:\/\/www.ab-fotografie.net\/wp1\/wp-json\/wp\/v2\/media?parent=7752"}],"curies":[{"name":"wp","href":"https:\/\/api.w.org\/{rel}","templated":true}]}}