{"id":7605,"date":"2022-01-25T17:15:20","date_gmt":"2022-01-25T17:15:20","guid":{"rendered":"https:\/\/www.ab-fotografie.net\/wp1\/?page_id=7605"},"modified":"2026-01-21T16:21:39","modified_gmt":"2026-01-21T16:21:39","slug":"eure-investition","status":"publish","type":"page","link":"https:\/\/www.ab-fotografie.net\/wp1\/eure-investition\/","title":{"rendered":"Eure Investition"},"content":{"rendered":"<p>[vc_row full_width=&#8220;stretch_row_content_no_spaces&#8220;][vc_column][wiso_banner style_banner=&#8220;simple&#8220; style=&#8220;center_content&#8220; overlay=&#8220;yes&#8220; title=&#8220;Preise Hochzeitsreportagen&#8220; image=&#8220;1798&#8243; subtitle=&#8220;Hochzeitsfotografie&#8220;][\/vc_column][\/vc_row][vc_row][vc_column][vc_empty_space][wiso_headings style=&#8220;text_center&#8220; title=&#8220;Eure Investition&#8220;][vc_empty_space][\/vc_column][\/vc_row][vc_row][vc_column][vc_column_text]Erinnerungen an bestimmte Momente sind unglaublich kostbar. Wie wichtig Bilder sind, merken wir jedoch oft erst dann, wenn wir unsere Erinnerungen &#8222;nur&#8220; noch im Herzen tragen und die Bilder im Kopf langsam verblassen.<br \/>\nUnd wie wundervoll ist es dann nochmals eintauchen zu k\u00f6nnen, Bilder in den H\u00e4nden zu halten, die Erinnerungen wieder zum Leben zu erwecken &#8211; das ist eigentlich unbezahlbar&#8230; Oder?[\/vc_column_text][vc_empty_space][\/vc_column][\/vc_row][vc_row][vc_column width=&#8220;1\/2&#8243;][vc_single_image image=&#8220;8025&#8243; img_size=&#8220;full&#8220;][\/vc_column][vc_column width=&#8220;1\/2&#8243;][vc_column_text]<strong>Meine Leistungen &#8211; Eure Investition<br \/>\n<\/strong>Ich w\u00fcrde mich riesig freuen, Euch an Eurem Hochzeitstag zu begleiten &amp; die vielen wunderbaren Momente f\u00fcr Euch einzufangen. Wenn Ihr mich als Eure Hochzeitsfotografin bucht, bekommt Ihr:<\/p>\n<ul>\n<li>Vorgespr\u00e4ch zum Kennenlernen (in 8919 Rottenschwil oder online via Zoom)<\/li>\n<li>Fotoreportage w\u00e4hrend Eurer Hochzeit (Anwesenheit gem\u00e4ss gebuchten Stunden &#8211; z.B. Getting Ready, First Look, Trauung, Paarsession, Gruppenbilder, Apero, Feier)<\/li>\n<li>Anfahrt bis 100km (danach CHF 1.50\/km)<\/li>\n<li>Alle Bilder (mind. 60\/Anwesenheits-Stunde) individuell &amp; sorgf\u00e4ltig bearbeitet als hochaufl\u00f6sende JPG-Datei auf einem USB-Stick<\/li>\n<li>Passwortgesch\u00fctzte Onlinegalerie inklusive einer pers\u00f6nlichen Highlight-Slideshow<br \/>\n15 hochwertige Fotoabz\u00fcge (13&#215;18) liebevoll verpackt in einer Erinnerungsbox.<\/li>\n<li>Optional: Mini-Engagement-Session (ab 6 Stunden inklusive).<\/li>\n<li>Optional: Hochzeits-Album<\/li>\n<\/ul>\n<p>[\/vc_column_text][vc_tta_accordion active_section=&#8220;1&#8243;][vc_tta_section title=&#8220;Basispaket&#8220; tab_id=&#8220;1641662811050-7b8bda69-7a50&#8243;][vc_column_text]2 Stunden Fotoreportage w\u00e4hrend Eurer Hochzeit (z.B. Getting Ready, First Look, Trauung, Paarsession, Gruppenbilder, Apero, Feier)<\/p>\n<h4>CHF 890<\/h4>\n<p>[\/vc_column_text][\/vc_tta_section][vc_tta_section title=&#8220;Add-on: Zus\u00e4tzliche Stunde(n)&#8220; tab_id=&#8220;1641662811050-d2e27a59-6a42&#8243;][vc_column_text]Jede weitere Stunde, die ich Euch an Eurer Hochzeit begleite:<\/p>\n<h4>CHF 360<\/h4>\n<p>[\/vc_column_text][\/vc_tta_section][vc_tta_section title=&#8220;Add-on: Engagement Mini Session&#8220; tab_id=&#8220;1641663294481-f200a7b2-f7a7&#8243;][vc_column_text]Bei einer <b>Buchung ab 6 Stunden<\/b> erhaltet Ihr zus\u00e4tzlich zu den oben genannten Leistungen noch eine kleine Kennenlern-Fotosession (<b>Engagement-Mini-Session<\/b> mit ca. 15 Bildern) <b>geschenkt<\/b>.<\/p>\n<p>Die enstandenen Bilder k\u00f6nnen auch gut f\u00fcr die Einladungskarten oder Hochzeitswebsite benutzt werden. Zudem lernen wir uns so auch noch vor der Kamera kennen &#8211; und Ihr werdet dann an Eurem Hochzeitstag sicher auch etwas weniger nerv\u00f6s\/aufgeregt beim Paarshooting sein.[\/vc_column_text][\/vc_tta_section][vc_tta_section title=&#8220;Add-on: Hochzeits-Album&#8220; tab_id=&#8220;1641664015700-12abb73d-7404&#8243;][vc_column_text]Es gibt nichts tolleres, als den Hochzeitstag nochmals Revue passieren zu lassen. Und auch wenn heutzutage die meisten Bilder digital auf dem Smartphone (oder dem Computer, Laptop, Tablet) gespeichert sind &amp; jederzeit angeschaut werden k\u00f6nnen &#8211; gibt es doch nichts tolleres, als in einem exklusiven Album zu bl\u00e4ttern und die wundervollen Erinnerungen, gedruckt auf hochwertigem Papier, zu betrachten. Etwas in den H\u00e4nden zu halten&#8230;<\/p>\n<h4 style=\"text-align: center;\">ab CHF 350<\/h4>\n<p>[\/vc_column_text][\/vc_tta_section][\/vc_tta_accordion][\/vc_column][\/vc_row][vc_row][vc_column][vc_empty_space][vc_column_text]<\/p>\n<h4>Standesamtliche Trauungen<\/h4>\n<p>Unter der Woche \u00a0(oder ausserhalb der Hauptsaison auch Samstags) begleite ich Ziviltrauungen \u00a0bereits ab einer Stunde. So k\u00f6nnt Ihr Euren besonderen Moment ganz bewusst und entspannt festhalten lassen \u2013 authentisch, pers\u00f6nlich und mit viel Gef\u00fchl f\u00fcr Eure Geschichte. F\u00fcr ein individuelles Angebot, das genau zu Euch passt, meldet Euch jederzeit gerne direkt bei mir.[\/vc_column_text][\/vc_column][\/vc_row][vc_row][vc_column][\/vc_column][\/vc_row]<\/p>\n","protected":false},"excerpt":{"rendered":"<p>[vc_row full_width=&#8220;stretch_row_content_no_spaces&#8220;][vc_column][wiso_banner style_banner=&#8220;simple&#8220; style=&#8220;center_content&#8220; overlay=&#8220;yes&#8220; title=&#8220;Preise Hochzeitsreportagen&#8220; image=&#8220;1798&#8243; subtitle=&#8220;Hochzeitsfotografie&#8220;][\/vc_column][\/vc_row][vc_row][vc_column][vc_empty_space][wiso_headings style=&#8220;text_center&#8220; title=&#8220;Eure Investition&#8220;][vc_empty_space][\/vc_column][\/vc_row][vc_row][vc_column][vc_column_text]Erinnerungen an bestimmte Momente sind unglaublich kostbar. Wie wichtig Bilder sind, merken wir jedoch oft erst dann, wenn wir unsere Erinnerungen &#8222;nur&#8220; noch im Herzen tragen und die Bilder im Kopf langsam verblassen. Und wie wundervoll ist es dann nochmals eintauchen zu k\u00f6nnen, Bilder &#8230;<\/p>\n","protected":false},"author":1,"featured_media":0,"parent":0,"menu_order":0,"comment_status":"closed","ping_status":"closed","template":"","meta":{"footnotes":""},"featured_image_src":null,"featured_image_src_square":null,"_links":{"self":[{"href":"https:\/\/www.ab-fotografie.net\/wp1\/wp-json\/wp\/v2\/pages\/7605"}],"collection":[{"href":"https:\/\/www.ab-fotografie.net\/wp1\/wp-json\/wp\/v2\/pages"}],"about":[{"href":"https:\/\/www.ab-fotografie.net\/wp1\/wp-json\/wp\/v2\/types\/page"}],"author":[{"embeddable":true,"href":"https:\/\/www.ab-fotografie.net\/wp1\/wp-json\/wp\/v2\/users\/1"}],"replies":[{"embeddable":true,"href":"https:\/\/www.ab-fotografie.net\/wp1\/wp-json\/wp\/v2\/comments?post=7605"}],"version-history":[{"count":19,"href":"https:\/\/www.ab-fotografie.net\/wp1\/wp-json\/wp\/v2\/pages\/7605\/revisions"}],"predecessor-version":[{"id":10132,"href":"https:\/\/www.ab-fotografie.net\/wp1\/wp-json\/wp\/v2\/pages\/7605\/revisions\/10132"}],"wp:attachment":[{"href":"https:\/\/www.ab-fotografie.net\/wp1\/wp-json\/wp\/v2\/media?parent=7605"}],"curies":[{"name":"wp","href":"https:\/\/api.w.org\/{rel}","templated":true}]}}