{"id":76,"date":"2019-08-26T12:28:59","date_gmt":"2019-08-26T12:28:59","guid":{"rendered":"https:\/\/ab-fotografie.net.194.150.248.140.dev-url.ch\/wp1\/?page_id=76"},"modified":"2023-01-08T00:55:53","modified_gmt":"2023-01-08T00:55:53","slug":"family-portrait","status":"publish","type":"page","link":"https:\/\/www.ab-fotografie.net\/wp1\/family-portrait\/","title":{"rendered":"FAMILY PORTRAIT"},"content":{"rendered":"<p>[vc_row full_width=&#8220;stretch_row_content_no_spaces&#8220;][vc_column][wiso_banner style_banner=&#8220;simple&#8220; height=&#8220;medium_banner&#8220; style=&#8220;center_content&#8220; overlay=&#8220;yes&#8220; title=&#8220;Family Portrait&#8220; image=&#8220;7742&#8243; subtitle=&#8220;Familienfotografie&#8220;][\/vc_column][\/vc_row][vc_row][vc_column][vc_empty_space][wiso_headings style=&#8220;text_center&#8220; title=&#8220;Familien &#8211; Shooting&#8220; subtitle=&#8220;Familienfotografie&#8220;][\/vc_column][\/vc_row][vc_row][vc_column][vc_column_text]Viel zu oft fehlt doch mindestens einer auf dem Familienfoto &#8211; n\u00e4mlich der, der gerade hinter der Kamera steht &amp; das Bild aufnimmt. Doch ein authentisches, nat\u00fcrliches und fr\u00f6hliches Familienfoto, auf dem alle drauf sind, darf in keinem Familienalbum fehlen. Darum w\u00fcrde ich mich sehr freuen, Dich und Deine Liebsten zu fotografieren. Selbstverst\u00e4ndlich ist w\u00e4hrend dem Shooting auch Zeit f\u00fcr Einzelportraits, Geschwisterbilder und mal wieder einem Foto nur von den Eltern&#8230;[\/vc_column_text][\/vc_column][\/vc_row][vc_row][vc_column][vc_column_text]Auf Wunsch kannst Du auch Kleider f\u00fcr Dich und Deine Kinder sowie verschiedene Accessoires (wie z.B. Blumenkr\u00e4nze, Haarb\u00e4nder o.\u00e4.) aus meinem Fundus ausleihen. Schreib Deine W\u00fcnsche &amp; Vorstellungen einfach bei der Buchungsanfrage dazu.[\/vc_column_text][\/vc_column][\/vc_row][vc_row][vc_column width=&#8220;1\/3&#8243;][\/vc_column][vc_column width=&#8220;1\/3&#8243;][wiso_services style=&#8220;center&#8220; title=&#8220;Family Portrait &#8211; CHF 390&#8243;][\/vc_column][vc_column width=&#8220;1\/3&#8243;][\/vc_column][\/vc_row][vc_row][vc_column][vc_column_text]<\/p>\n<ul>\n<li>ca. 1 Stunde Fotoshooting im Studio in 5630 Muri oder Outdoor in der Natur<\/li>\n<li>10 Bilder professionell bearbeitet &amp; retouchiert in Farbe &amp;\u00a0SW, in voller Aufl\u00f6sung als JPG-Datei zum Download sowie auf einem USB-Stick<\/li>\n<li>Option zum Erwerb zus\u00e4tzlicher Bilddateien (CHF 25\/Bild)<\/li>\n<li>Passwortgesch\u00fctze Onlinegalerie zur Auswahl Ihrer Bilder<\/li>\n<li>10 hochwertige Fotoabz\u00fcge in 13\u00d718, liebevoll verpackt<\/li>\n<li>Darf ich die Bilder ver\u00f6ffentlichen, erhaltet Ihr 2 zus\u00e4tzliche Bilder als Dankesch\u00f6n f\u00fcr die Ver\u00f6ffentlichungsfreigabe<\/li>\n<\/ul>\n<p>[\/vc_column_text][\/vc_column][\/vc_row][vc_row][vc_column][vc_btn title=&#8220;BOOK NOW&#8220; align=&#8220;center&#8220; link=&#8220;url:https%3A%2F%2Fwww.ab-fotografie.net%2Fwp1%2Fbook-now%2F|title:BOOK%20NOW||&#8220;][\/vc_column][\/vc_row][vc_row full_width=&#8220;stretch_row_content_no_spaces&#8220;][vc_column][wiso_gallery type=&#8220;masonry&#8220; columns=&#8220;three_columns&#8220; images=&#8220;7735,7742,7716,7736,7725,8293,8291,8297,6957,6989,6971,6985,6966&#8243;][\/vc_column][\/vc_row]<\/p>\n","protected":false},"excerpt":{"rendered":"<p>[vc_row full_width=&#8220;stretch_row_content_no_spaces&#8220;][vc_column][wiso_banner style_banner=&#8220;simple&#8220; height=&#8220;medium_banner&#8220; style=&#8220;center_content&#8220; overlay=&#8220;yes&#8220; title=&#8220;Family Portrait&#8220; image=&#8220;7742&#8243; subtitle=&#8220;Familienfotografie&#8220;][\/vc_column][\/vc_row][vc_row][vc_column][vc_empty_space][wiso_headings style=&#8220;text_center&#8220; title=&#8220;Familien &#8211; Shooting&#8220; subtitle=&#8220;Familienfotografie&#8220;][\/vc_column][\/vc_row][vc_row][vc_column][vc_column_text]Viel zu oft fehlt doch mindestens einer auf dem Familienfoto &#8211; n\u00e4mlich der, der gerade hinter der Kamera steht &amp; das Bild aufnimmt. Doch ein authentisches, nat\u00fcrliches und fr\u00f6hliches Familienfoto, auf dem alle drauf sind, darf in keinem Familienalbum fehlen. Darum &#8230;<\/p>\n","protected":false},"author":1,"featured_media":0,"parent":0,"menu_order":6,"comment_status":"closed","ping_status":"closed","template":"","meta":{"footnotes":""},"featured_image_src":null,"featured_image_src_square":null,"_links":{"self":[{"href":"https:\/\/www.ab-fotografie.net\/wp1\/wp-json\/wp\/v2\/pages\/76"}],"collection":[{"href":"https:\/\/www.ab-fotografie.net\/wp1\/wp-json\/wp\/v2\/pages"}],"about":[{"href":"https:\/\/www.ab-fotografie.net\/wp1\/wp-json\/wp\/v2\/types\/page"}],"author":[{"embeddable":true,"href":"https:\/\/www.ab-fotografie.net\/wp1\/wp-json\/wp\/v2\/users\/1"}],"replies":[{"embeddable":true,"href":"https:\/\/www.ab-fotografie.net\/wp1\/wp-json\/wp\/v2\/comments?post=76"}],"version-history":[{"count":22,"href":"https:\/\/www.ab-fotografie.net\/wp1\/wp-json\/wp\/v2\/pages\/76\/revisions"}],"predecessor-version":[{"id":9159,"href":"https:\/\/www.ab-fotografie.net\/wp1\/wp-json\/wp\/v2\/pages\/76\/revisions\/9159"}],"wp:attachment":[{"href":"https:\/\/www.ab-fotografie.net\/wp1\/wp-json\/wp\/v2\/media?parent=76"}],"curies":[{"name":"wp","href":"https:\/\/api.w.org\/{rel}","templated":true}]}}