{"id":71,"date":"2019-08-26T12:27:19","date_gmt":"2019-08-26T12:27:19","guid":{"rendered":"https:\/\/ab-fotografie.net.194.150.248.140.dev-url.ch\/wp1\/?page_id=71"},"modified":"2023-01-08T11:43:33","modified_gmt":"2023-01-08T11:43:33","slug":"cakesmash-milkbath","status":"publish","type":"page","link":"https:\/\/www.ab-fotografie.net\/wp1\/cakesmash-milkbath\/","title":{"rendered":"CAKESMASH \/ MILKBATH"},"content":{"rendered":"<p>[vc_row full_width=&#8220;stretch_row_content_no_spaces&#8220;][vc_column][wiso_banner style_banner=&#8220;simple&#8220; height=&#8220;medium_banner&#8220; style=&#8220;center_content&#8220; overlay=&#8220;yes&#8220; title=&#8220;First Birthday&#8220; image=&#8220;6836&#8243; subtitle=&#8220;Babyfotografie&#8220;][\/vc_column][\/vc_row][vc_row][vc_column][vc_empty_space][\/vc_column][\/vc_row][vc_row desctop_mb=&#8220;margin-lg-100b&#8220; desctop_md_mb=&#8220;margin-md-80b&#8220; tablets_mb=&#8220;margin-sm-55b&#8220; mobile_mb=&#8220;margin-xs-35b&#8220;][vc_column][wiso_headings style=&#8220;text_center&#8220; title=&#8220;Cakesmash \/ Milkbath Shooting&#8220; subtitle=&#8220;Babyfotografie&#8220;][\/vc_column][\/vc_row][vc_row][vc_column][vc_column_text]Der erste Geburtstag ist ein wichtiger Meilenstein im Leben Deines Babys. Der perfekte Moment f\u00fcr ein 1st Birthday Fotoshooting, kombiniert mit einem sogenannten Cakesmash &#8211; Shooting.<\/p>\n<p>Deko sowie Kleidung (zB T\u00fct\u00fc\u2019s, Hosentr\u00e4ger, Kleidchen&#8230;) sind vorhanden &amp; k\u00f6nnen ausgeliehen werden.[\/vc_column_text][\/vc_column][\/vc_row][vc_row content_placement=&#8220;middle&#8220;][vc_column][wiso_services style=&#8220;center&#8220; title=&#8220;Cakesmash Shooting &#8211; CHF 450&#8243;][\/vc_column][\/vc_row][vc_row][vc_column][vc_column_text]<\/p>\n<ul>\n<li>ca. 1 Stunde Fotoshooting im Studio<\/li>\n<li>10 Bilder professionell bearbeitet &amp; retouchiert in Farbe &amp; SW, in voller Aufl\u00f6sung als JPG-Datei zum Download sowie auf einem USB-Stick<\/li>\n<li>Passwortgesch\u00fctze Onlinegalerie zur Auswahl Ihrer Bilder<\/li>\n<li>Geburtstagskuchen f\u00fcr\u2019s Shooting, liebevoll hergestellt von\u00a0<a href=\"https:\/\/www.bakeandtaste.ch\/\">BAKE AND TASTE<\/a><\/li>\n<li>Kombination mit Milchbadshooting m\u00f6glich (zzgl. CHF 160, 5 weitere Bilder)<\/li>\n<li>10 hochwertige Fotoabz\u00fcge in 13&#215;18, liebevoll verpackt<\/li>\n<li>Option zum Erwerb zus\u00e4tzlicher Bilddateien (CHF 25\/Bild)<\/li>\n<li>Darf ich die Bilder ver\u00f6ffentlichen, erhaltet Ihr 2 zus\u00e4tzliche Bilder als Dankesch\u00f6n f\u00fcr die Ver\u00f6ffentlichungsfreigabe<\/li>\n<\/ul>\n<p>[\/vc_column_text][\/vc_column][\/vc_row][vc_row][vc_column][vc_empty_space][\/vc_column][\/vc_row][vc_row][vc_column][vc_media_grid grid_id=&#8220;vc_gid:1673177915294-a65c171406ced7b54ddf729d96af6a53-6&#8243; include=&#8220;6838,6839,6840,6841,6842,6843,6844,6845,6846,6847,6848,6849,6850,6851,6852,6855,6856,6866,6865,6864,6863,6862,6861,6860,6859,6858,6857,6867,6868,6869,6870,6871,6872,6873,6874,6875,6876&#8243;][\/vc_column][\/vc_row]<\/p>\n","protected":false},"excerpt":{"rendered":"<p>[vc_row full_width=&#8220;stretch_row_content_no_spaces&#8220;][vc_column][wiso_banner style_banner=&#8220;simple&#8220; height=&#8220;medium_banner&#8220; style=&#8220;center_content&#8220; overlay=&#8220;yes&#8220; title=&#8220;First Birthday&#8220; image=&#8220;6836&#8243; subtitle=&#8220;Babyfotografie&#8220;][\/vc_column][\/vc_row][vc_row][vc_column][vc_empty_space][\/vc_column][\/vc_row][vc_row desctop_mb=&#8220;margin-lg-100b&#8220; desctop_md_mb=&#8220;margin-md-80b&#8220; tablets_mb=&#8220;margin-sm-55b&#8220; mobile_mb=&#8220;margin-xs-35b&#8220;][vc_column][wiso_headings style=&#8220;text_center&#8220; title=&#8220;Cakesmash \/ Milkbath Shooting&#8220; subtitle=&#8220;Babyfotografie&#8220;][\/vc_column][\/vc_row][vc_row][vc_column][vc_column_text]Der erste Geburtstag ist ein wichtiger Meilenstein im Leben Deines Babys. Der perfekte Moment f\u00fcr ein 1st Birthday Fotoshooting, kombiniert mit einem sogenannten Cakesmash &#8211; Shooting. Deko sowie Kleidung (zB T\u00fct\u00fc\u2019s, Hosentr\u00e4ger, Kleidchen&#8230;) sind vorhanden &amp; &#8230;<\/p>\n","protected":false},"author":1,"featured_media":810,"parent":0,"menu_order":4,"comment_status":"closed","ping_status":"closed","template":"","meta":{"footnotes":""},"featured_image_src":"https:\/\/www.ab-fotografie.net\/wp1\/wp-content\/uploads\/2019\/09\/Bild_013-scaled.jpg","featured_image_src_square":"https:\/\/www.ab-fotografie.net\/wp1\/wp-content\/uploads\/2019\/09\/Bild_013-scaled.jpg","_links":{"self":[{"href":"https:\/\/www.ab-fotografie.net\/wp1\/wp-json\/wp\/v2\/pages\/71"}],"collection":[{"href":"https:\/\/www.ab-fotografie.net\/wp1\/wp-json\/wp\/v2\/pages"}],"about":[{"href":"https:\/\/www.ab-fotografie.net\/wp1\/wp-json\/wp\/v2\/types\/page"}],"author":[{"embeddable":true,"href":"https:\/\/www.ab-fotografie.net\/wp1\/wp-json\/wp\/v2\/users\/1"}],"replies":[{"embeddable":true,"href":"https:\/\/www.ab-fotografie.net\/wp1\/wp-json\/wp\/v2\/comments?post=71"}],"version-history":[{"count":10,"href":"https:\/\/www.ab-fotografie.net\/wp1\/wp-json\/wp\/v2\/pages\/71\/revisions"}],"predecessor-version":[{"id":9161,"href":"https:\/\/www.ab-fotografie.net\/wp1\/wp-json\/wp\/v2\/pages\/71\/revisions\/9161"}],"wp:featuredmedia":[{"embeddable":true,"href":"https:\/\/www.ab-fotografie.net\/wp1\/wp-json\/wp\/v2\/media\/810"}],"wp:attachment":[{"href":"https:\/\/www.ab-fotografie.net\/wp1\/wp-json\/wp\/v2\/media?parent=71"}],"curies":[{"name":"wp","href":"https:\/\/api.w.org\/{rel}","templated":true}]}}