{"id":68,"date":"2019-08-26T12:25:12","date_gmt":"2019-08-26T12:25:12","guid":{"rendered":"https:\/\/ab-fotografie.net.194.150.248.140.dev-url.ch\/wp1\/?page_id=68"},"modified":"2026-02-22T14:36:06","modified_gmt":"2026-02-22T14:36:06","slug":"sitter-milestones","status":"publish","type":"page","link":"https:\/\/www.ab-fotografie.net\/wp1\/sitter-milestones\/","title":{"rendered":"SITTER \/ MILESTONES"},"content":{"rendered":"<p>[vc_row full_width=&#8220;stretch_row_content_no_spaces&#8220;][vc_column][wiso_banner style_banner=&#8220;simple&#8220; height=&#8220;medium_banner&#8220; style=&#8220;center_content&#8220; overlay=&#8220;yes&#8220; title=&#8220;Milestones&#8220; image=&#8220;10135&#8243; subtitle=&#8220;Babyfotografie&#8220;][\/vc_column][\/vc_row][vc_row][vc_column][vc_empty_space][\/vc_column][\/vc_row][vc_row desctop_mb=&#8220;margin-lg-100b&#8220; desctop_md_mb=&#8220;margin-md-80b&#8220; tablets_mb=&#8220;margin-sm-55b&#8220; mobile_mb=&#8220;margin-xs-35b&#8220;][vc_column][wiso_headings style=&#8220;text_center&#8220; title=&#8220;Meine erreichten Meilensteine&#8220; subtitle=&#8220;shop photos&#8220;][\/vc_column][\/vc_row][vc_row][vc_column][vc_column_text]Die Entwicklung und Ver\u00e4nderung Deines kleinen Lieblings in den ersten Monaten sind enorm! Das gibt immer wieder die Gelegenheit, die einzelnen Entwicklungsschritte in Szene zu setzen.<\/p>\n<p>&nbsp;<\/p>\n<p>Spezielle Shootingkleidung f\u00fcr M\u00e4dchen und Jungen sowie Accessoires sind in verschiedenen Farben &amp; Gr\u00f6ssen zum Ausleihen vorhanden.[\/vc_column_text][\/vc_column][\/vc_row][vc_row][vc_column][wiso_services style=&#8220;center&#8220; title=&#8220;Milestone Session &#8211; CHF 390&#8243;][\/vc_column][\/vc_row][vc_row][vc_column][vc_column_text]Die Entwicklung und Ver\u00e4nderung Deines kleinen Lieblings in den ersten Monaten sind enorm! Das gibt immer wieder die Gelegenheit, die einzelnen Entwicklungsschritte in Szene zu setzen.<\/p>\n<p>Spezielle Shootingkleidung f\u00fcr M\u00e4dchen und Jungen sowie Accessoires sind in verschiedenen Farben &amp; Gr\u00f6ssen zum Ausleihen vorhanden.<\/p>\n<ul>\n<li>ca. 1 Stunde Fotoshooting im Studio in 5630 Muri oder Outdoor in der Natur<\/li>\n<li>10 Bilder professionell bearbeitet &amp; retouchiert in Farbe &amp;\u00a0SW, in voller Aufl\u00f6sung als JPG-Datei zum Download sowie auf einem USB-Stick<\/li>\n<li>Option zum Erwerb zus\u00e4tzlicher Bilddateien (CHF 25\/Bild)<\/li>\n<li>Passwortgesch\u00fctze Onlinegalerie zur Auswahl Ihrer Bilder<\/li>\n<li>10 hochwertige Fotoabz\u00fcge in 13\u00d718, liebevoll verpackt<\/li>\n<li>Darf ich die Bilder ver\u00f6ffentlichen, erhaltet Ihr 2 zus\u00e4tzliche Bilder als Dankesch\u00f6n f\u00fcr die Ver\u00f6ffentlichungsfreigabe<\/li>\n<\/ul>\n<p>[\/vc_column_text][\/vc_column][\/vc_row][vc_row][vc_column][vc_empty_space][\/vc_column][\/vc_row][vc_row][vc_column][vc_btn title=&#8220;Book Now&#8220; align=&#8220;center&#8220; link=&#8220;url:https%3A%2F%2Fwww.ab-fotografie.net%2Fwp1%2Fbook-now%2F|title:Book%20Now||&#8220;][\/vc_column][\/vc_row][vc_row][vc_column][vc_empty_space][\/vc_column][\/vc_row][vc_row][vc_column][vc_media_grid grid_id=&#8220;vc_gid:1771770864522-913f0898ef9fdb86c152342746b757ef-7&#8243; include=&#8220;6823,6822,6821,6826,6827,6824,6830,6829,6828&#8243;][\/vc_column][\/vc_row]<\/p>\n","protected":false},"excerpt":{"rendered":"<p>[vc_row full_width=&#8220;stretch_row_content_no_spaces&#8220;][vc_column][wiso_banner style_banner=&#8220;simple&#8220; height=&#8220;medium_banner&#8220; style=&#8220;center_content&#8220; overlay=&#8220;yes&#8220; title=&#8220;Milestones&#8220; image=&#8220;10135&#8243; subtitle=&#8220;Babyfotografie&#8220;][\/vc_column][\/vc_row][vc_row][vc_column][vc_empty_space][\/vc_column][\/vc_row][vc_row desctop_mb=&#8220;margin-lg-100b&#8220; desctop_md_mb=&#8220;margin-md-80b&#8220; tablets_mb=&#8220;margin-sm-55b&#8220; mobile_mb=&#8220;margin-xs-35b&#8220;][vc_column][wiso_headings style=&#8220;text_center&#8220; title=&#8220;Meine erreichten Meilensteine&#8220; subtitle=&#8220;shop photos&#8220;][\/vc_column][\/vc_row][vc_row][vc_column][vc_column_text]Die Entwicklung und Ver\u00e4nderung Deines kleinen Lieblings in den ersten Monaten sind enorm! Das gibt immer wieder die Gelegenheit, die einzelnen Entwicklungsschritte in Szene zu setzen. &nbsp; Spezielle Shootingkleidung f\u00fcr M\u00e4dchen und Jungen sowie Accessoires sind in &#8230;<\/p>\n","protected":false},"author":1,"featured_media":62,"parent":0,"menu_order":3,"comment_status":"closed","ping_status":"closed","template":"","meta":{"footnotes":""},"featured_image_src":"https:\/\/www.ab-fotografie.net\/wp1\/wp-content\/uploads\/2019\/08\/Bild_07-scaled.jpg","featured_image_src_square":"https:\/\/www.ab-fotografie.net\/wp1\/wp-content\/uploads\/2019\/08\/Bild_07-scaled.jpg","_links":{"self":[{"href":"https:\/\/www.ab-fotografie.net\/wp1\/wp-json\/wp\/v2\/pages\/68"}],"collection":[{"href":"https:\/\/www.ab-fotografie.net\/wp1\/wp-json\/wp\/v2\/pages"}],"about":[{"href":"https:\/\/www.ab-fotografie.net\/wp1\/wp-json\/wp\/v2\/types\/page"}],"author":[{"embeddable":true,"href":"https:\/\/www.ab-fotografie.net\/wp1\/wp-json\/wp\/v2\/users\/1"}],"replies":[{"embeddable":true,"href":"https:\/\/www.ab-fotografie.net\/wp1\/wp-json\/wp\/v2\/comments?post=68"}],"version-history":[{"count":16,"href":"https:\/\/www.ab-fotografie.net\/wp1\/wp-json\/wp\/v2\/pages\/68\/revisions"}],"predecessor-version":[{"id":10136,"href":"https:\/\/www.ab-fotografie.net\/wp1\/wp-json\/wp\/v2\/pages\/68\/revisions\/10136"}],"wp:featuredmedia":[{"embeddable":true,"href":"https:\/\/www.ab-fotografie.net\/wp1\/wp-json\/wp\/v2\/media\/62"}],"wp:attachment":[{"href":"https:\/\/www.ab-fotografie.net\/wp1\/wp-json\/wp\/v2\/media?parent=68"}],"curies":[{"name":"wp","href":"https:\/\/api.w.org\/{rel}","templated":true}]}}