{"id":66,"date":"2019-08-26T12:24:34","date_gmt":"2019-08-26T12:24:34","guid":{"rendered":"https:\/\/ab-fotografie.net.194.150.248.140.dev-url.ch\/wp1\/?page_id=66"},"modified":"2025-02-20T20:08:51","modified_gmt":"2025-02-20T20:08:51","slug":"newborn","status":"publish","type":"page","link":"https:\/\/www.ab-fotografie.net\/wp1\/newborn\/","title":{"rendered":"NEWBORN"},"content":{"rendered":"<p>[vc_row full_width=&#8220;stretch_row_content_no_spaces&#8220;][vc_column][wiso_banner style_banner=&#8220;simple&#8220; height=&#8220;medium_banner&#8220; style=&#8220;center_content&#8220; overlay=&#8220;yes&#8220; title=&#8220;Newborn&#8220; image=&#8220;6329&#8243; subtitle=&#8220;Newbornfotografie&#8220;][\/vc_column][\/vc_row][vc_row][vc_column][vc_empty_space][\/vc_column][\/vc_row][vc_row][vc_column][wiso_headings style=&#8220;text_center&#8220; title=&#8220;Kleines grosses Wunder&#8220; subtitle=&#8220;Newbornfotografie&#8220;][\/vc_column][\/vc_row][vc_row][vc_column][vc_empty_space][vc_column_text]Die ersten Tage im Leben Eures Sonnenscheins sind so besonders &amp; wertvoll &#8211; und sie vergehen wie im Flug! Haltet diese wunderbaren Momente w\u00e4hrend einem Newborn-<br \/>\nFotoshooting f\u00fcr immer fest.<\/p>\n<p>In meinem Studio in 5630 Muri (im Herzen vom Freiamt in der N\u00e4he von Bremgarten und nur einen Katzensprung von Z\u00fcrich, Zug, Luzern oder Aarau entfernt) liegen ganz viele s\u00fcsse Newborn-Kleidchen, verschiedene T\u00fccher, Deckchen, Schalen, Bettchen und noch vieles mehr f\u00fcr Euch bereit. Schreibt mir einfach Eure W\u00fcnsche, Farbvorstellungen etc. bei der Buchung mit dazu.<\/p>\n<p>Wenn Ihr Euch f\u00fcr eine Homestory entschieden habt, werde ich selbstverst\u00e4ndlich auch eine kleine Auswahl an Outfits, Wraps &amp; Decken mitbringen.[\/vc_column_text][\/vc_column][\/vc_row][vc_row][vc_column width=&#8220;1\/3&#8243;][wiso_services style=&#8220;center&#8220; title=&#8220;Newborn Mini &#8211; CHF 330&#8243;][vc_column_text]<\/p>\n<ul>\n<li>ca. 1 Stunde Fotoshooting im Studio<\/li>\n<li>2 Sets (Beanbag &amp; K\u00f6rbchen) plus Eltern-Bilder, nur gepuckt\/gewrapped im Tuch m\u00f6glich<\/li>\n<li>5 Bilder professionell bearbeitet &amp; retouchiert in Farbe &amp; SW, in voller Aufl\u00f6sung als JPG-Datei zum Download<\/li>\n<li>Passwortgesch\u00fctze Onlinegalerie zur Auswahl Ihrer Bilder<\/li>\n<li>Option zus\u00e4tzliche Bilder zu Erwerben (CHF 25\/Bild)<\/li>\n<li>Darf ich die Bilder ver\u00f6ffentlichen, erhaltet Ihr 1 zus\u00e4tzliches Bild als Dankesch\u00f6n f\u00fcr die Ver\u00f6ffentlichungsfreigabe<\/li>\n<\/ul>\n<p>[\/vc_column_text][\/vc_column][vc_column width=&#8220;1\/3&#8243;][wiso_services style=&#8220;center&#8220; title=&#8220;Newborn Classic &#8211; CHF 490&#8243;][vc_column_text]<\/p>\n<ul>\n<li>ca. 2-2.5 Stunden Fotoshooting im Studio<\/li>\n<li>3-4 Sets plus Eltern\/Geschwisterbilder, mit Outfits und\/oder gewrapped im Tuch m\u00f6glich<\/li>\n<li>10 Bilder professionell bearbeitet &amp; retouchiert in Farbe &amp; SW, in voller Aufl\u00f6sung als JPG-Datei zum Download sowie auf einem USB-Stick<\/li>\n<li>Passwortgesch\u00fctze Onlinegalerie zur Auswahl Ihrer Bilder<\/li>\n<li>10 hochwertige Fotoabz\u00fcge in 13&#215;18, liebevoll verpackt<\/li>\n<li>Option zus\u00e4tzliche Bilder zu Erwerben (CHF 25\/Bild)<\/li>\n<li>Darf ich die Bilder ver\u00f6ffentlichen, erhaltet Ihr 2 zus\u00e4tzliche Bilder als Dankesch\u00f6n f\u00fcr die Ver\u00f6ffentlichungsfreigabe<\/li>\n<\/ul>\n<p>[\/vc_column_text][\/vc_column][vc_column width=&#8220;1\/3&#8243;][wiso_services style=&#8220;center&#8220; title=&#8220;Newborn in-Home &#8211; CHF 530&#8243;][vc_column_text]<\/p>\n<ul>\n<li>ca. 1-1.5 Stunden Fotoshooting bei Euch zu Hause<\/li>\n<li>10 Bilder professionell bearbeitet &amp; retouchiert in Farbe &amp; SW, in voller Aufl\u00f6sung als JPG-Datei zum Download sowie auf einem USB-Stick<\/li>\n<li>Option zus\u00e4tzliche Bilder zu Erwerben (CHF 25\/Bild)<\/li>\n<li>Passwortgesch\u00fctze Onlinegalerie zur Auswahl Ihrer Bilder<\/li>\n<li>10 hochwertige Fotoabz\u00fcge in 13&#215;18, liebevoll verpackt<\/li>\n<li>Anfahrt bis 50km inklusiv (danach CHF 1.50\/km)<\/li>\n<li>Darf ich die Bilder ver\u00f6ffentlichen, erhaltet Ihr 2 zus\u00e4tzliche Bilder als Dankesch\u00f6n f\u00fcr die Ver\u00f6ffentlichungsfreigabe<\/li>\n<\/ul>\n<p>[\/vc_column_text][\/vc_column][\/vc_row][vc_row][vc_column][vc_empty_space][\/vc_column][\/vc_row][vc_row][vc_column][vc_btn title=&#8220;BOOK NOW&#8220; align=&#8220;center&#8220; link=&#8220;url:https%3A%2F%2Fwww.ab-fotografie.net%2Fwp1%2Fbook-now%2F|title:BOOK%20NOW||&#8220;][\/vc_column][\/vc_row][vc_row full_width=&#8220;stretch_row_content_no_spaces&#8220;][vc_column][wiso_gallery type=&#8220;masonry&#8220; columns=&#8220;three_columns&#8220; images=&#8220;9154,9089,9151,9111,9105,9088,9078,9136,9010,9144,9064,9066,9071,9052,9056,9048,9087,61,8987,8996,8994,8988,9140,9147&#8243;][\/vc_column][\/vc_row]<\/p>\n","protected":false},"excerpt":{"rendered":"<p>[vc_row full_width=&#8220;stretch_row_content_no_spaces&#8220;][vc_column][wiso_banner style_banner=&#8220;simple&#8220; height=&#8220;medium_banner&#8220; style=&#8220;center_content&#8220; overlay=&#8220;yes&#8220; title=&#8220;Newborn&#8220; image=&#8220;6329&#8243; subtitle=&#8220;Newbornfotografie&#8220;][\/vc_column][\/vc_row][vc_row][vc_column][vc_empty_space][\/vc_column][\/vc_row][vc_row][vc_column][wiso_headings style=&#8220;text_center&#8220; title=&#8220;Kleines grosses Wunder&#8220; subtitle=&#8220;Newbornfotografie&#8220;][\/vc_column][\/vc_row][vc_row][vc_column][vc_empty_space][vc_column_text]Die ersten Tage im Leben Eures Sonnenscheins sind so besonders &amp; wertvoll &#8211; und sie vergehen wie im Flug! Haltet diese wunderbaren Momente w\u00e4hrend einem Newborn- Fotoshooting f\u00fcr immer fest. In meinem Studio in 5630 Muri (im Herzen vom Freiamt in der &#8230;<\/p>\n","protected":false},"author":1,"featured_media":0,"parent":0,"menu_order":2,"comment_status":"closed","ping_status":"closed","template":"","meta":{"footnotes":""},"featured_image_src":null,"featured_image_src_square":null,"_links":{"self":[{"href":"https:\/\/www.ab-fotografie.net\/wp1\/wp-json\/wp\/v2\/pages\/66"}],"collection":[{"href":"https:\/\/www.ab-fotografie.net\/wp1\/wp-json\/wp\/v2\/pages"}],"about":[{"href":"https:\/\/www.ab-fotografie.net\/wp1\/wp-json\/wp\/v2\/types\/page"}],"author":[{"embeddable":true,"href":"https:\/\/www.ab-fotografie.net\/wp1\/wp-json\/wp\/v2\/users\/1"}],"replies":[{"embeddable":true,"href":"https:\/\/www.ab-fotografie.net\/wp1\/wp-json\/wp\/v2\/comments?post=66"}],"version-history":[{"count":27,"href":"https:\/\/www.ab-fotografie.net\/wp1\/wp-json\/wp\/v2\/pages\/66\/revisions"}],"predecessor-version":[{"id":9562,"href":"https:\/\/www.ab-fotografie.net\/wp1\/wp-json\/wp\/v2\/pages\/66\/revisions\/9562"}],"wp:attachment":[{"href":"https:\/\/www.ab-fotografie.net\/wp1\/wp-json\/wp\/v2\/media?parent=66"}],"curies":[{"name":"wp","href":"https:\/\/api.w.org\/{rel}","templated":true}]}}